{"id":11045,"date":"2023-10-26T09:25:52","date_gmt":"2023-10-26T09:25:52","guid":{"rendered":"https:\/\/donmilanimonza.edu.it\/website\/?page_id=11045"},"modified":"2024-10-08T14:38:08","modified_gmt":"2024-10-08T14:38:08","slug":"orari-segreteria","status":"publish","type":"page","link":"https:\/\/donmilanimonza.edu.it\/website\/orari-segreteria\/","title":{"rendered":"ORARI SEGRETERIA"},"content":{"rendered":"\r\n<p>Orari Segreteria<\/p>\r\n\r\n\r\n\r\n<p>&nbsp;<\/p>\r\n\r\n\r\n\r\n<p><strong>PER GENITORI<\/strong><\/p>\r\n\r\n\r\n\r\n<p>8.30-10.00\u00a0 luned\u00ec &#8211; marted\u00ec &#8211; gioved\u00ec\u00a0<\/p>\r\n\r\n\r\n\r\n<p>15.30-16.30 venerd\u00ec<\/p>\r\n\r\n\r\n\r\n\r\n\r\n\r\n\r\n<p><br \/><strong>PER DOCENTI<\/strong><\/p>\r\n\r\n\r\n\r\n<p>8.30-10.00\u00a0 luned\u00ec\u00a0 -mercoled\u00ec &#8211; venerd\u00ec<\/p>\r\n\r\n\r\n\r\n<p>15.30- 16.30 gioved\u00ec<\/p>\r\n\r\n\r\n\r\n<p>&nbsp;<\/p>\r\n<p><strong>Il Dirigente Scolastico riceve solo su appuntamento<\/strong>.<\/p>\r\n<p>Il <strong>DSGA<\/strong> riceve solo su appuntamento il <strong>MARTEDI<\/strong>&#8216; e il <strong>GIOVEDI&#8217;<\/strong> dalle ore <strong>12.00<\/strong> alle ore\u00a0 <strong>13.00.<\/strong><\/p>\r\n<p>Lo <strong>sportello telefonico<\/strong> sar\u00e0 attivo tutti i giorni dalle ore<strong> 8.30<\/strong> alle ore<strong> 10.00.<\/strong><\/p>\r\n<p>Durante la sospensione dell&#8217;attivit\u00e0 didattica, sar\u00e0 sospeso lo sportello pomeridiano.\u00a0<\/p>\r\n","protected":false},"excerpt":{"rendered":"<p>Orari Segreteria &nbsp; PER GENITORI 8.30-10.00\u00a0 luned\u00ec &#8211; marted\u00ec &#8211; gioved\u00ec\u00a0 15.30-16.30 venerd\u00ec PER DOCENTI 8.30-10.00\u00a0 luned\u00ec\u00a0 -mercoled\u00ec &#8211; venerd\u00ec 15.30- 16.30 gioved\u00ec &nbsp; Il &#8230; <\/p>\n","protected":false},"author":15,"featured_media":0,"parent":0,"menu_order":0,"comment_status":"closed","ping_status":"closed","template":"","meta":{"_lmt_disableupdate":"no","_lmt_disable":"no","footnotes":""},"class_list":["post-11045","page","type-page","status-publish","hentry"],"_links":{"self":[{"href":"https:\/\/donmilanimonza.edu.it\/website\/wp-json\/wp\/v2\/pages\/11045","targetHints":{"allow":["GET"]}}],"collection":[{"href":"https:\/\/donmilanimonza.edu.it\/website\/wp-json\/wp\/v2\/pages"}],"about":[{"href":"https:\/\/donmilanimonza.edu.it\/website\/wp-json\/wp\/v2\/types\/page"}],"author":[{"embeddable":true,"href":"https:\/\/donmilanimonza.edu.it\/website\/wp-json\/wp\/v2\/users\/15"}],"replies":[{"embeddable":true,"href":"https:\/\/donmilanimonza.edu.it\/website\/wp-json\/wp\/v2\/comments?post=11045"}],"version-history":[{"count":12,"href":"https:\/\/donmilanimonza.edu.it\/website\/wp-json\/wp\/v2\/pages\/11045\/revisions"}],"predecessor-version":[{"id":18929,"href":"https:\/\/donmilanimonza.edu.it\/website\/wp-json\/wp\/v2\/pages\/11045\/revisions\/18929"}],"wp:attachment":[{"href":"https:\/\/donmilanimonza.edu.it\/website\/wp-json\/wp\/v2\/media?parent=11045"}],"curies":[{"name":"wp","href":"https:\/\/api.w.org\/{rel}","templated":true}]}}