{"id":713,"date":"2021-11-03T12:09:10","date_gmt":"2021-11-03T12:09:10","guid":{"rendered":"https:\/\/www.donmilanimonza.edu.it\/website\/?page_id=713"},"modified":"2023-06-27T07:30:25","modified_gmt":"2023-06-27T07:30:25","slug":"organi-collegiali","status":"publish","type":"page","link":"https:\/\/donmilanimonza.edu.it\/website\/organi-collegiali\/","title":{"rendered":"Organi Collegiali"},"content":{"rendered":"<h1 style=\"margin-right: 0px; margin-bottom: 20px; margin-left: 0px; padding: 0px 0px 10px; border: 0px; outline: 0px; font-size: 30px; text-size-adjust: 100%; vertical-align: baseline; background-image: initial; background-position: initial; background-size: initial; background-repeat: initial; background-attachment: initial; background-origin: initial; background-clip: initial; color: #333333; line-height: 1em; font-weight: 500; font-family: Lato, Helvetica, Arial, Lucida, sans-serif; letter-spacing: normal;\">Organi Collegiali<\/h1>\n<p style=\"margin-right: 0px; margin-bottom: 0px; margin-left: 0px; padding: 0px; border: 0px; outline: 0px; text-size-adjust: 100%; vertical-align: baseline; background: transparent;\">La scuola italiana si avvale di organi di gestione, rappresentativi delle diverse componenti scolastiche, interne ed esterne alla scuola, come, ad esempio, studenti e genitori. Questi organismi a carattere collegiale sono previsti a vari livelli della scuola (classe, istituto) e del territorio (distretto, provincia e nazionale). I componenti degli organi collegiali vengono eletti dai componenti della categoria di appartenenza; i genitori che fanno parte di organismi collegiali sono, pertanto, eletti da altri genitori. La funzione degli organi collegiali \u00e8 diversa a seconda dei livelli di collocazione: \u00e8 consultiva e propositiva a livello di base (consigli di classe e interclasse), \u00e8 deliberativa ai livelli superiori (consigli di circolo\/istituto, consigli provinciali). Il regime di autonomia scolastica accentua la funzione degli organi collegiali che dovranno, conseguentemente, essere riformati per corrispondere alle nuove esigenze della scuola autonoma. La riforma degli organi collegiali per il governo della scuola \u00e8 affidata all\u2019approvazione di appositi disegni di legge presentati in Parlamento.<\/p>\n<ul style=\"margin-right: 0px; margin-bottom: 0px; margin-left: 0px; padding: 0px 0px 23px 1em; border: 0px; outline: 0px; font-size: 14px; text-size-adjust: 100%; vertical-align: baseline; background-image: initial; background-position: initial; background-size: initial; background-repeat: initial; background-attachment: initial; background-origin: initial; background-clip: initial; list-style-position: initial; list-style-type: disc; line-height: 26px; color: #333333; font-family: Lato, Helvetica, Arial, Lucida, sans-serif;\">\n<li style=\"margin: 0px; padding-top: 0px; padding-right: 0px; padding-bottom: 0px; border: 0px; outline: 0px; text-size-adjust: 100%; vertical-align: baseline; background: transparent;\"><a href=\"https:\/\/donmilanimonza.edu.it\/website\/wp-content\/plugins\/download-attachments\/includes\/download.php?id=14966\" attachment_id=\"14966\" title=\"Composizione del consiglio di istituto\" class=\"da-download-link da-download-attachment-14966\">Composizione del consiglio di istituto<\/a><\/li>\n<li style=\"margin: 0px; padding-top: 0px; padding-right: 0px; padding-bottom: 0px; border: 0px; outline: 0px; text-size-adjust: 100%; vertical-align: baseline; background: transparent;\"><a href=\"https:\/\/donmilanimonza.edu.it\/website\/wp-content\/plugins\/download-attachments\/includes\/download.php?id=17170\" attachment_id=\"17170\" title=\"Membri giunta esecutiva\" class=\"da-download-link da-download-attachment-17170\">Membri giunta esecutiva<\/a><\/li>\n<li style=\"margin: 0px; padding-top: 0px; padding-right: 0px; padding-bottom: 0px; border: 0px; outline: 0px; text-size-adjust: 100%; vertical-align: baseline; background: transparent;\"><a href=\"https:\/\/donmilanimonza.edu.it\/website\/wp-content\/plugins\/download-attachments\/includes\/download.php?id=14963\" attachment_id=\"14963\" title=\"Elenco Genitori eletti rappresentanti\" class=\"da-download-link da-download-attachment-14963\">Elenco Genitori eletti rappresentanti<\/a><\/li>\n<\/ul>\n","protected":false},"excerpt":{"rendered":"<p>Organi Collegiali La scuola italiana si avvale di organi di gestione, rappresentativi delle diverse componenti scolastiche, interne ed esterne alla scuola, come, ad esempio, studenti &#8230; <\/p>\n","protected":false},"author":15,"featured_media":0,"parent":0,"menu_order":0,"comment_status":"closed","ping_status":"closed","template":"","meta":{"_lmt_disableupdate":"","_lmt_disable":"","footnotes":""},"class_list":["post-713","page","type-page","status-publish","hentry"],"_links":{"self":[{"href":"https:\/\/donmilanimonza.edu.it\/website\/wp-json\/wp\/v2\/pages\/713","targetHints":{"allow":["GET"]}}],"collection":[{"href":"https:\/\/donmilanimonza.edu.it\/website\/wp-json\/wp\/v2\/pages"}],"about":[{"href":"https:\/\/donmilanimonza.edu.it\/website\/wp-json\/wp\/v2\/types\/page"}],"author":[{"embeddable":true,"href":"https:\/\/donmilanimonza.edu.it\/website\/wp-json\/wp\/v2\/users\/15"}],"replies":[{"embeddable":true,"href":"https:\/\/donmilanimonza.edu.it\/website\/wp-json\/wp\/v2\/comments?post=713"}],"version-history":[{"count":10,"href":"https:\/\/donmilanimonza.edu.it\/website\/wp-json\/wp\/v2\/pages\/713\/revisions"}],"predecessor-version":[{"id":17173,"href":"https:\/\/donmilanimonza.edu.it\/website\/wp-json\/wp\/v2\/pages\/713\/revisions\/17173"}],"wp:attachment":[{"href":"https:\/\/donmilanimonza.edu.it\/website\/wp-json\/wp\/v2\/media?parent=713"}],"curies":[{"name":"wp","href":"https:\/\/api.w.org\/{rel}","templated":true}]}}